{"id":3912,"date":"2024-10-22T15:02:01","date_gmt":"2024-10-22T14:02:01","guid":{"rendered":"https:\/\/smgstilplus.hr\/?page_id=3912"},"modified":"2025-01-13T18:09:46","modified_gmt":"2025-01-13T17:09:46","slug":"o-nama","status":"publish","type":"page","link":"https:\/\/smgstilplus.hr\/?page_id=3912","title":{"rendered":"O nama"},"content":{"rendered":"\t\t<div data-elementor-type=\"wp-page\" data-elementor-id=\"3912\" class=\"elementor elementor-3912\">\n\t\t\t\t<div class=\"elementor-element elementor-element-128dd53 e-con-full e-flex e-con e-parent\" data-id=\"128dd53\" data-element_type=\"container\" data-e-type=\"container\">\n\t\t\t\t<div class=\"elementor-element elementor-element-8083776 elementor-widget elementor-widget-image\" data-id=\"8083776\" data-element_type=\"widget\" data-e-type=\"widget\" data-widget_type=\"image.default\">\n\t\t\t\t<div class=\"elementor-widget-container\">\n\t\t\t\t\t\t\t\t\t\t\t\t\t\t\t<img data-opt-id=240346701  fetchpriority=\"high\" decoding=\"async\" width=\"500\" height=\"500\" src=\"https:\/\/ml9tkxvqj7o3.i.optimole.com\/w:500\/h:500\/q:mauto\/ig:avif\/https:\/\/smgstilplus.hr\/wp-content\/uploads\/2024\/09\/SteficaCurila_profil-1.png\" class=\"attachment-large size-large wp-image-3811\" alt=\"\" \/>\t\t\t\t\t\t\t\t\t\t\t\t\t\t\t<\/div>\n\t\t\t\t<\/div>\n\t\t\t\t<div class=\"elementor-element elementor-element-4be5b27e elementor-widget__width-inherit elementor-widget elementor-widget-text-editor\" data-id=\"4be5b27e\" data-element_type=\"widget\" data-e-type=\"widget\" data-widget_type=\"text-editor.default\">\n\t\t\t\t<div class=\"elementor-widget-container\">\n\t\t\t\t\t\t\t\t\t<p>Agencija djeluje na podru\u010dju cijele Hrvatske. Na\u0161e djelatnosti obuhva\u0107aju posredovanje u kupoprodaji nekretnina, kao i posredovanje u iznajmljivanju i unajmljivanju stambenih i poslovnih prostora.<\/p><p><!-- \/wp:paragraph --><\/p><p><!-- wp:paragraph {\"align\":\"left\"} --><\/p><p class=\"has-text-align-left\">Na\u0161im inovativnim i modernim pristupom klijentima pru\u017eamo vrhunsku uslugu posredovanja u prometu nekretnina. Na\u0161a misija je informirati klijente kako bi kod svake kupnje ili prodaje nekretnine prona\u0161li rje\u0161enje krojeno po va\u0161im potrebama.\u00a0<\/p><p><!-- \/wp:paragraph --><\/p><p><!-- wp:paragraph --><\/p><p>SMG STIL PLUS j.d.o.o. NEKRETNINE SU \u010cLAN HGK \u2013 Potpisnik pravila poslovanja posrednika u prometu nekretnina.<br \/>SMG STIL PLUS j.d.o.o. NEKRETNINE su upisane u Registar posrednika u prometu nekretnina,<br \/>koji se vodi u Hrvatskoj gospodarskoj komori pod registarskim brojem 39\/2023.<\/p><p><!-- \/wp:paragraph --><\/p><p><!-- wp:paragraph --><\/p><p>\u0160tefica \u010curila Kudeli\u0107 upisana je u Imenik agenata posredovanja u prometu nekretnina pod<br \/>registarskim brojem 41\/2023.<br \/>Potpisnik smo KODEKSA ETIKE u poslovanju posrednika u prometu nekretnina pri HGK pod<br \/>brojem 828\/2024.<\/p><p><!-- \/wp:paragraph --><\/p>\t\t\t\t\t\t\t\t<\/div>\n\t\t\t\t<\/div>\n\t\t\t\t<\/div>\n\t\t<div class=\"elementor-element elementor-element-7ba7f2e e-con-full e-flex e-con e-parent\" data-id=\"7ba7f2e\" data-element_type=\"container\" data-e-type=\"container\">\n\t\t\t\t<div class=\"elementor-element elementor-element-3f5e929 elementor-widget elementor-widget-heading\" data-id=\"3f5e929\" data-element_type=\"widget\" data-e-type=\"widget\" data-widget_type=\"heading.default\">\n\t\t\t\t<div class=\"elementor-widget-container\">\n\t\t\t\t\t<h2 class=\"elementor-heading-title elementor-size-default\"><a href=\"#\">+385 95 527 5207<\/a><\/h2>\t\t\t\t<\/div>\n\t\t\t\t<\/div>\n\t\t\t\t<div class=\"elementor-element elementor-element-ff392f9 elementor-widget elementor-widget-heading\" data-id=\"ff392f9\" data-element_type=\"widget\" data-e-type=\"widget\" data-widget_type=\"heading.default\">\n\t\t\t\t<div class=\"elementor-widget-container\">\n\t\t\t\t\t<h2 class=\"elementor-heading-title elementor-size-default\"><a href=\"#\">\u0160tefica \u010curila<\/a><\/h2>\t\t\t\t<\/div>\n\t\t\t\t<\/div>\n\t\t\t\t<\/div>\n\t\t<div class=\"elementor-element elementor-element-1c49655 e-flex e-con-boxed e-con e-parent\" data-id=\"1c49655\" data-element_type=\"container\" data-e-type=\"container\">\n\t\t\t\t\t<div class=\"e-con-inner\">\n\t\t\t\t<div class=\"elementor-element elementor-element-0d3ebfd elementor-widget elementor-widget-heading\" data-id=\"0d3ebfd\" data-element_type=\"widget\" data-e-type=\"widget\" data-widget_type=\"heading.default\">\n\t\t\t\t<div class=\"elementor-widget-container\">\n\t\t\t\t\t<span class=\"elementor-heading-title elementor-size-default\">Ovla\u0161teni agent za nekretnine<\/span>\t\t\t\t<\/div>\n\t\t\t\t<\/div>\n\t\t\t\t\t<\/div>\n\t\t\t\t<\/div>\n\t\t<div class=\"elementor-element elementor-element-84b364e e-flex e-con-boxed e-con e-parent\" data-id=\"84b364e\" data-element_type=\"container\" data-e-type=\"container\">\n\t\t\t\t\t<div class=\"e-con-inner\">\n\t\t\t\t<div class=\"elementor-element elementor-element-af3e18b elementor-align-center elementor-widget elementor-widget-button\" data-id=\"af3e18b\" data-element_type=\"widget\" data-e-type=\"widget\" data-widget_type=\"button.default\">\n\t\t\t\t<div class=\"elementor-widget-container\">\n\t\t\t\t\t\t\t\t\t<div class=\"elementor-button-wrapper\">\n\t\t\t\t\t<a class=\"elementor-button elementor-button-link elementor-size-sm\" href=\"https:\/\/smgstilplus.hr\/?page_id=871\">\n\t\t\t\t\t\t<span class=\"elementor-button-content-wrapper\">\n\t\t\t\t\t\t\t\t\t<span class=\"elementor-button-text\">Javite mi se s povjerenjem<\/span>\n\t\t\t\t\t<\/span>\n\t\t\t\t\t<\/a>\n\t\t\t\t<\/div>\n\t\t\t\t\t\t\t\t<\/div>\n\t\t\t\t<\/div>\n\t\t\t\t\t<\/div>\n\t\t\t\t<\/div>\n\t\t\t\t<\/div>\n\t\t","protected":false},"excerpt":{"rendered":"<p>Agencija djeluje na podru\u010dju cijele Hrvatske. Na\u0161e djelatnosti obuhva\u0107aju posredovanje u kupoprodaji nekretnina, kao i posredovanje u iznajmljivanju i unajmljivanju stambenih i poslovnih prostora. Na\u0161im inovativnim i modernim pristupom klijentima pru\u017eamo vrhunsku uslugu posredovanja u prometu nekretnina. Na\u0161a misija je informirati klijente kako bi kod svake kupnje ili prodaje nekretnine prona\u0161li rje\u0161enje krojeno po va\u0161im [&hellip;]<\/p>\n","protected":false},"author":1,"featured_media":0,"parent":0,"menu_order":0,"comment_status":"closed","ping_status":"closed","template":"","meta":{"footnotes":""},"class_list":["post-3912","page","type-page","status-publish","hentry"],"_links":{"self":[{"href":"https:\/\/smgstilplus.hr\/index.php?rest_route=\/wp\/v2\/pages\/3912","targetHints":{"allow":["GET"]}}],"collection":[{"href":"https:\/\/smgstilplus.hr\/index.php?rest_route=\/wp\/v2\/pages"}],"about":[{"href":"https:\/\/smgstilplus.hr\/index.php?rest_route=\/wp\/v2\/types\/page"}],"author":[{"embeddable":true,"href":"https:\/\/smgstilplus.hr\/index.php?rest_route=\/wp\/v2\/users\/1"}],"replies":[{"embeddable":true,"href":"https:\/\/smgstilplus.hr\/index.php?rest_route=%2Fwp%2Fv2%2Fcomments&post=3912"}],"version-history":[{"count":15,"href":"https:\/\/smgstilplus.hr\/index.php?rest_route=\/wp\/v2\/pages\/3912\/revisions"}],"predecessor-version":[{"id":4302,"href":"https:\/\/smgstilplus.hr\/index.php?rest_route=\/wp\/v2\/pages\/3912\/revisions\/4302"}],"wp:attachment":[{"href":"https:\/\/smgstilplus.hr\/index.php?rest_route=%2Fwp%2Fv2%2Fmedia&parent=3912"}],"curies":[{"name":"wp","href":"https:\/\/api.w.org\/{rel}","templated":true}]}}