{"id":871,"date":"2021-08-03T14:09:37","date_gmt":"2021-08-03T14:09:37","guid":{"rendered":"https:\/\/www.wpdirectorykit.com\/nexproperty\/?page_id=871"},"modified":"2025-01-13T18:01:48","modified_gmt":"2025-01-13T17:01:48","slug":"kontakt","status":"publish","type":"page","link":"https:\/\/smgstilplus.hr\/?page_id=871","title":{"rendered":"Kontakt"},"content":{"rendered":"\t\t<div data-elementor-type=\"wp-page\" data-elementor-id=\"871\" class=\"elementor elementor-871\">\n\t\t\t\t\t\t<section class=\"elementor-section elementor-top-section elementor-element elementor-element-79dca39e elementor-section-boxed elementor-section-height-default elementor-section-height-default\" data-id=\"79dca39e\" data-element_type=\"section\" data-e-type=\"section\">\n\t\t\t\t\t\t<div class=\"elementor-container elementor-column-gap-no\">\n\t\t\t\t\t<div class=\"elementor-column elementor-col-100 elementor-top-column elementor-element elementor-element-1b0ca861\" data-id=\"1b0ca861\" data-element_type=\"column\" data-e-type=\"column\">\n\t\t\t<div class=\"elementor-widget-wrap elementor-element-populated\">\n\t\t\t\t\t\t<div class=\"elementor-element elementor-element-94fd63c elementor-widget elementor-widget-eli-map\" data-id=\"94fd63c\" data-element_type=\"widget\" data-e-type=\"widget\" data-widget_type=\"eli-map.default\">\n\t\t\t\t<div class=\"elementor-widget-container\">\n\t\t\t\t\t        <div class=\"elementinvader-addons-for-elementor elementor-clickable elementor-custom-embed\" id=\"eli_156227132\">\r\n            <div class=\"eli-container\">\r\n                                        <div id=\"elementinvader_addons_for_elementor_156227132\" style=\"height:450px\" data-zoom_index=\"11\" class=\"sw_map_box elementor-custom-embed elementor-clickable\"><\/div>\r\n\r\n<style>\r\n    #elementinvader_addons_for_elementor_156227132 .wl_marker-container {\r\n        height: 49px !important;\r\n        width: 49px !important;\r\n    } \r\n<\/style>\r\n \r\n<script>\r\n        jQuery(document).ready(function($) {\r\n\r\n            var eli_geocoder;\r\n            var eli_map;\r\n            var eli_markers = [];\r\n            var eli_clustererOptions;\r\n            var eli_infowindow;\r\n\r\n            var eli_clusters ='';\r\n            var eli_jpopup_customOptions =\r\n            {\r\n            'maxWidth': 'initial',\r\n            'width': 'initial',\r\n            'className' : 'popupCustom'\r\n            }\r\n            if(eli_clusters=='')\r\n                eli_clusters = L.markerClusterGroup({spiderfyOnMaxZoom: true, showCoverageOnHover: false, zoomToBoundsOnClick: true});\r\n\r\n                eli_map = L.map('elementinvader_addons_for_elementor_156227132', {\r\n                    center: [46.223090268867,16.348128306582],\r\n                    zoom: 11,\r\n                    scrollWheelZoom: false,\r\n                    dragging: !L.Browser.mobile,tap: !L.Browser.mobile\r\n                });     \r\n                L.tileLayer('https:\/\/{s}.tile.openstreetmap.org\/{z}\/{x}\/{y}.png', {\r\n                    attribution: '&copy; <a href=\"https:\/\/www.openstreetmap.org\/copyright\">OpenStreetMap<\/a> contributors'\r\n                }).addTo(eli_map);\r\n                var innerMarker = '<div class=\"wl_marker-container\"><div class=\"front wl_face\"><i class=\"fa fa-home\"><\/i><\/div><div class=\"wl_marker-card\"><div class=\"wl_marker-arrow\"><\/div><\/div><\/div>';innerMarker = '<div class=\"wl_marker-container\"><div class=\"front wl_face\"><i class=\"fa fa-home\"><\/i><\/div><div class=\"wl_marker-card\"><div class=\"wl_marker-arrow\"><\/div><\/div><\/div>';\r\n                var marker = L.marker(\r\n                    [46.223090268867, 16.348128306582],\r\n                     {icon: L.divIcon({\r\n                                html: innerMarker,\r\n                                className: 'open_steet_map_marker',\r\n                                iconSize: [0, 0],\r\n                                popupAnchor: [0, -70],\r\n                                iconAnchor: [24.5, 80],\r\n                            })\r\n                        }  \r\n                );\r\n                eli_clusters.addLayer(marker);\r\n                eli_markers.push(marker);\r\n                eli_map.addLayer(eli_clusters);\r\n\r\n                marker.bindPopup('<div class=\"eli_infobox\"><h2 class=\"eli_infobox_title\">Sjedi\u0161te<\/h2><div class=\"eli_infobox_text\"><\/div><\/div>', eli_jpopup_customOptions).openPopup();  \r\n                    $.get('https:\/\/nominatim.openstreetmap.org\/search?format=json&q=Zagreba\u010dka ul. 19, 42204, Lu\u017ean Bi\u0161kupe\u010dki', function(data){\r\n                        if(typeof data[0] !='undefined'){\r\n                            marker.setLatLng([data[0].lat, data[0].lon]).update(); \r\n                            eli_map.panTo(new L.LatLng(data[0].lat, data[0].lon));\r\n                        }\r\n                    }).success(function(){marker.openPopup();}); \r\n                })\r\n            <\/script>                    <\/div>\r\n        <\/div>\r\n        \t\t\t\t<\/div>\n\t\t\t\t<\/div>\n\t\t\t\t\t<\/div>\n\t\t<\/div>\n\t\t\t\t\t<\/div>\n\t\t<\/section>\n\t\t\t\t<section class=\"elementor-section elementor-top-section elementor-element elementor-element-1baa15d6 elementor-section-boxed elementor-section-height-default elementor-section-height-default\" data-id=\"1baa15d6\" data-element_type=\"section\" data-e-type=\"section\">\n\t\t\t\t\t\t<div class=\"elementor-container elementor-column-gap-no\">\n\t\t\t\t\t<div class=\"elementor-column elementor-col-50 elementor-top-column elementor-element elementor-element-7017b866\" data-id=\"7017b866\" data-element_type=\"column\" data-e-type=\"column\">\n\t\t\t<div class=\"elementor-widget-wrap elementor-element-populated\">\n\t\t\t\t\t\t<div class=\"elementor-element elementor-element-1ff13627 elementor-widget elementor-widget-heading\" data-id=\"1ff13627\" data-element_type=\"widget\" data-e-type=\"widget\" data-widget_type=\"heading.default\">\n\t\t\t\t<div class=\"elementor-widget-container\">\n\t\t\t\t\t<h2 class=\"elementor-heading-title elementor-size-default\"><span style=\"font-family: Montserrat, sans-serif;font-size: 16px;font-style: normal;font-weight: 700\">Obratite nam se s povjerenjem<\/span><\/h2>\t\t\t\t<\/div>\n\t\t\t\t<\/div>\n\t\t\t\t<div class=\"elementor-element elementor-element-27978a5 elementor-button-align-stretch elementor-widget elementor-widget-eli-contact-form\" data-id=\"27978a5\" data-element_type=\"widget\" data-e-type=\"widget\" data-widget_type=\"eli-contact-form.default\">\n\t\t\t\t<div class=\"elementor-widget-container\">\n\t\t\t\t\t\r\n                                                                            <div class=\"widget-elementinvader_addons_for_elementor elementinvader_contact_form contact-form\" id=\"elementinvader_addons_for_elementor_41515173\">\r\n    <div class=\"elementinvader_addons_for_elementor-container\">\r\n        <form class=\"elementinvader_addons_for_elementor_f\" >\r\n            <input type=\"hidden\" name=\"element_id\" value=\"41515173\"\/>\r\n            <input type=\"hidden\" name=\"eli_token\" value=\"bPusNAQPRpHNInX0Rj43r1H2pCyj3ED2\">\r\n            \r\n            <input type=\"hidden\" id=\"eli_nonce\" name=\"eli_nonce\" value=\"3c3c839733\" \/><input type=\"hidden\" name=\"_wp_http_referer\" value=\"\/index.php?rest_route=%2Fwp%2Fv2%2Fpages%2F871\" \/>            \r\n            <input type=\"hidden\" name=\"eli_id\" value=\"27978a5\"\/>\r\n            <input type=\"hidden\" name=\"eli_type\" value=\"eli-contact-form\"\/>\r\n                        <input type=\"hidden\" name=\"eli_page_id\" value=\"871\"\/>\r\n                        \r\n            <div class=\"config\" data-url=\"https:\/\/smgstilplus.hr\/wp-admin\/admin-ajax.php\"><\/div>\r\n                                            <div class=\"elementinvader_addons_for_elementor_f_box_alert\"><\/div>\r\n                        <div class=\"elementinvader_addons_for_elementor_f_container\">\r\n                <div class=\"elementinvader_addons_for_elementor_f_group text elementinvader_addons_for_elementor_f_group_el_368d1a0 \" style=\"\">\r\n                <input     \r\n                name=\"Ime\" id=\"nameime\" type=\"text\" class=\"elementinvader_addons_for_elementor_f_field\" required=\"required\" value=\"\" placeholder=\"Ime*\" >\r\n            <\/div><div class=\"elementinvader_addons_for_elementor_f_group email elementinvader_addons_for_elementor_f_group_el_157edd8 \" style=\"\">\r\n                <input     \r\n                name=\"Email\" id=\"emailemail\" type=\"email\" class=\"elementinvader_addons_for_elementor_f_field\" required=\"required\" value=\"\" placeholder=\"Email*\" >\r\n            <\/div><div class=\"elementinvader_addons_for_elementor_f_group elementinvader_addons_for_elementor_f_group_el_056f643 \" style=\"\"><textarea name=\"Poruka\" id=\"messageporuka\" rows=\"4\" class=\"elementinvader_addons_for_elementor_f_field\" required=\"required\" placeholder=\"Poruka*\" ><\/textarea>\r\n        <\/div>                <div class=\"elementinvader_addons_for_elementor_f_group elementinvader_addons_for_elementor_f_group_el_button  justify  \" >\r\n                    <button type=\"submit\" >\r\n                        <span >\r\n                                                            <span >\r\n                                                                                                        <\/span>\r\n                                                                                            <span class=\"elementor-button-text\">Po\u0161alji<\/span>\r\n                                                        <i class=\"fa fa-spinner fa-spin fa-custom-ajax-indicator ajax-indicator-masking \" style=\"display: none;\"><\/i>\r\n                        <\/span>\r\n                    <\/button>\r\n                <\/div>\r\n            <\/div>\r\n            \r\n                    <\/form>\r\n    <\/div>\r\n<\/div>\t\t\t\t<\/div>\n\t\t\t\t<\/div>\n\t\t\t\t\t<\/div>\n\t\t<\/div>\n\t\t\t\t<div class=\"elementor-column elementor-col-50 elementor-top-column elementor-element elementor-element-1d8ac651\" data-id=\"1d8ac651\" data-element_type=\"column\" data-e-type=\"column\">\n\t\t\t<div class=\"elementor-widget-wrap elementor-element-populated\">\n\t\t\t\t\t\t<div class=\"elementor-element elementor-element-65e41aea elementor-widget elementor-widget-heading\" data-id=\"65e41aea\" data-element_type=\"widget\" data-e-type=\"widget\" data-widget_type=\"heading.default\">\n\t\t\t\t<div class=\"elementor-widget-container\">\n\t\t\t\t\t<h2 class=\"elementor-heading-title elementor-size-default\">Obratite nam se s povjerenjem<\/h2>\t\t\t\t<\/div>\n\t\t\t\t<\/div>\n\t\t\t\t<div class=\"elementor-element elementor-element-3e6096db elementor-widget elementor-widget-text-editor\" data-id=\"3e6096db\" data-element_type=\"widget\" data-e-type=\"widget\" data-widget_type=\"text-editor.default\">\n\t\t\t\t<div class=\"elementor-widget-container\">\n\t\t\t\t\t\t\t\t\t<p class=\"MsoNormal\"><span style=\"font-size: 12.0pt; line-height: 107%;\">Na\u0161im inovativnim i modernim pristupom klijentima pru\u017eamo vrhunsku uslugu posredovanja u prometu nekretnina. Na\u0161a misija je informirati klijente kako bi kod svake kupnje, prodaje ili najma nekretnine prona\u0161li rje\u0161enje krojeno po svojim potrebama.\u00a0<\/span><\/p>\t\t\t\t\t\t\t\t<\/div>\n\t\t\t\t<\/div>\n\t\t\t\t<div class=\"elementor-element elementor-element-758a8d45 elementor-widget elementor-widget-heading\" data-id=\"758a8d45\" data-element_type=\"widget\" data-e-type=\"widget\" data-widget_type=\"heading.default\">\n\t\t\t\t<div class=\"elementor-widget-container\">\n\t\t\t\t\t<h2 class=\"elementor-heading-title elementor-size-default\">Kontakt<\/h2>\t\t\t\t<\/div>\n\t\t\t\t<\/div>\n\t\t\t\t<div class=\"elementor-element elementor-element-33e5a9f elementor-icon-list--layout-traditional elementor-list-item-link-full_width elementor-widget elementor-widget-icon-list\" data-id=\"33e5a9f\" data-element_type=\"widget\" data-e-type=\"widget\" data-widget_type=\"icon-list.default\">\n\t\t\t\t<div class=\"elementor-widget-container\">\n\t\t\t\t\t\t\t<ul class=\"elementor-icon-list-items\">\n\t\t\t\t\t\t\t<li class=\"elementor-icon-list-item\">\n\t\t\t\t\t\t\t\t\t\t\t<span class=\"elementor-icon-list-icon\">\n\t\t\t\t\t\t\t<i aria-hidden=\"true\" class=\"fas fa-map-marker-alt\"><\/i>\t\t\t\t\t\t<\/span>\n\t\t\t\t\t\t\t\t\t\t<span class=\"elementor-icon-list-text\"><b style=\"color:#161616;font-weight:600\">Adresa<\/b>: Zagreba\u010dka ulica 19 , 42204 Lu\u017ean Bi\u0161kupe\u010dki<\/span>\n\t\t\t\t\t\t\t\t\t<\/li>\n\t\t\t\t\t\t\t\t<li class=\"elementor-icon-list-item\">\n\t\t\t\t\t\t\t\t\t\t\t<span class=\"elementor-icon-list-icon\">\n\t\t\t\t\t\t\t<i aria-hidden=\"true\" class=\"far fa-clock\"><\/i>\t\t\t\t\t\t<\/span>\n\t\t\t\t\t\t\t\t\t\t<span class=\"elementor-icon-list-text\"><b style=\"color:#161616;font-weight:600\">Radno vrijeme<\/b>: Pon-Pet 8:00 - 16:00<\/span>\n\t\t\t\t\t\t\t\t\t<\/li>\n\t\t\t\t\t\t\t\t<li class=\"elementor-icon-list-item\">\n\t\t\t\t\t\t\t\t\t\t\t<span class=\"elementor-icon-list-icon\">\n\t\t\t\t\t\t\t<i aria-hidden=\"true\" class=\"fas fa-phone-alt\"><\/i>\t\t\t\t\t\t<\/span>\n\t\t\t\t\t\t\t\t\t\t<span class=\"elementor-icon-list-text\"> <b style=\"color:#161616;font-weight:600\">Telefon<\/b>: +385 95 527 5207<\/span>\n\t\t\t\t\t\t\t\t\t<\/li>\n\t\t\t\t\t\t\t\t<li class=\"elementor-icon-list-item\">\n\t\t\t\t\t\t\t\t\t\t\t<span class=\"elementor-icon-list-icon\">\n\t\t\t\t\t\t\t<i aria-hidden=\"true\" class=\"far fa-envelope\"><\/i>\t\t\t\t\t\t<\/span>\n\t\t\t\t\t\t\t\t\t\t<span class=\"elementor-icon-list-text\"><b style=\"color:#161616;font-weight:600\">Email<\/b>: <a href=\"mailto:stefica.curila@gmail.com\" style=\"color:#0074e4\">stefica.curila@gmail.com<\/a><\/span>\n\t\t\t\t\t\t\t\t\t<\/li>\n\t\t\t\t\t\t<\/ul>\n\t\t\t\t\t\t<\/div>\n\t\t\t\t<\/div>\n\t\t\t\t\t<\/div>\n\t\t<\/div>\n\t\t\t\t\t<\/div>\n\t\t<\/section>\n\t\t\t\t<\/div>\n\t\t","protected":false},"excerpt":{"rendered":"<p>Obratite nam se s povjerenjem Po\u0161alji Obratite nam se s povjerenjem Na\u0161im inovativnim i modernim pristupom klijentima pru\u017eamo vrhunsku uslugu posredovanja u prometu nekretnina. Na\u0161a misija je informirati klijente kako bi kod svake kupnje, prodaje ili najma nekretnine prona\u0161li rje\u0161enje krojeno po svojim potrebama.\u00a0 Kontakt Adresa: Zagreba\u010dka ulica 19 , 42204 Lu\u017ean Bi\u0161kupe\u010dki Radno vrijeme: [&hellip;]<\/p>\n","protected":false},"author":1,"featured_media":0,"parent":3519,"menu_order":0,"comment_status":"closed","ping_status":"closed","template":"elementor_canvas","meta":{"footnotes":""},"class_list":["post-871","page","type-page","status-publish","hentry"],"_links":{"self":[{"href":"https:\/\/smgstilplus.hr\/index.php?rest_route=\/wp\/v2\/pages\/871","targetHints":{"allow":["GET"]}}],"collection":[{"href":"https:\/\/smgstilplus.hr\/index.php?rest_route=\/wp\/v2\/pages"}],"about":[{"href":"https:\/\/smgstilplus.hr\/index.php?rest_route=\/wp\/v2\/types\/page"}],"author":[{"embeddable":true,"href":"https:\/\/smgstilplus.hr\/index.php?rest_route=\/wp\/v2\/users\/1"}],"replies":[{"embeddable":true,"href":"https:\/\/smgstilplus.hr\/index.php?rest_route=%2Fwp%2Fv2%2Fcomments&post=871"}],"version-history":[{"count":78,"href":"https:\/\/smgstilplus.hr\/index.php?rest_route=\/wp\/v2\/pages\/871\/revisions"}],"predecessor-version":[{"id":4299,"href":"https:\/\/smgstilplus.hr\/index.php?rest_route=\/wp\/v2\/pages\/871\/revisions\/4299"}],"up":[{"embeddable":true,"href":"https:\/\/smgstilplus.hr\/index.php?rest_route=\/wp\/v2\/pages\/3519"}],"wp:attachment":[{"href":"https:\/\/smgstilplus.hr\/index.php?rest_route=%2Fwp%2Fv2%2Fmedia&parent=871"}],"curies":[{"name":"wp","href":"https:\/\/api.w.org\/{rel}","templated":true}]}}